{"id":98,"date":"2010-04-23T21:46:38","date_gmt":"2010-04-23T21:46:38","guid":{"rendered":"http:\/\/www.bandaparafita.net\/cms\/?page_id=98"},"modified":"2023-01-17T20:11:55","modified_gmt":"2023-01-17T19:11:55","slug":"um-pouco-de-historia","status":"publish","type":"page","link":"https:\/\/www.bandaparafita.net\/cms\/acerca-da-banda\/um-pouco-de-historia\/","title":{"rendered":"Um pouco de hist\u00f3ria"},"content":{"rendered":"<p style=\"text-align: center;\"><a class=\"lightbox\" title=\"Banda Musical de Parafita em 1949\" href=\"http:\/\/www.bandaparafita.net\/cms\/wp-content\/uploads\/2010\/04\/BANDA_MUSICAL_PARAFITA_1949.jpg\"><img decoding=\"async\" class=\"thumbnail-post aligncenter\" title=\"BANDA MUSICAL de PARAFITA em 1949\" src=\"http:\/\/www.bandaparafita.net\/cms\/wp-content\/uploads\/2010\/04\/BANDA_MUSICAL_PARAFITA_1949.jpg\" alt=\"\" width=\"540\"><\/a><\/p>\n<p>N\u00e3o se sabe ao certo da data de funda\u00e7\u00e3o da Banda mas ela andar\u00e1 por volta do ano de 1800. Dados mais recentes revelam-nos que por volta do ano de 1910 devido a diverg\u00eancias entre os elementos da banda houve uma separa\u00e7\u00e3o formando-se ent\u00e3o duas bandas. Mas n\u00e3o foi por muito tempo que se mantiveram assim, talvez uns cinco anos entre 1910 e 1915, depois uniram-se e formaram uma s\u00f3 com cerca de trinta elementos.<\/p>\n<p>Nessa \u00e9poca o dia a dia da banda era bastante complicado pois os m\u00fasicos tinham que ir a p\u00e9 para as romarias, fazendo caminhadas por vezes de dezenas de quil\u00f3metros, havia dificuldade em arranjar fardas, instrumentos e partituras.<\/p>\n<p>O peso da interioridade tamb\u00e9m se fazia sentir pois as lojas de instrumentos mais pr\u00f3ximas eram no Porto e como se sabe nessa altura as viagens eram dif\u00edceis.<\/p>\n<p>Os ensaios realizavam-se \u00e0 luz da candeia ou petromax\u2026<\/p>\n<p>\u00c9 admir\u00e1vel a nobreza do esp\u00edrito dessa gente, que numa altura em que se passava fome, a vida era \u00e1rdua, a pobreza era grande, estes parafitenses tinham um esp\u00edrito nobre e inovador: dedicaram-se \u00e0 m\u00fasica!<\/p>\n<p>Mesmo com todas as contrariedades a Banda manteve-se unida at\u00e9 1964.<\/p>\n<p>Desde 1910 at\u00e9 1964 a Banda teve oito maestros, sendo alguns deles oriundos da terra.<\/p>\n<p>Foi neste ano que a Banda se desmembrou devido a duas principais causas:<\/p>\n<p>-A emigra\u00e7\u00e3o.<\/p>\n<p>-A constru\u00e7\u00e3o da barragem que \u201croubou\u201d muitos terrenos \u00e0s pessoas, e estas migraram com o dinheiro que receberam das indemniza\u00e7\u00f5es.<\/p>\n<p>Mas entre a gente que ficou na terra e os emigrantes pairava ainda o sonho, de terem novamente a Banda em actividade.<\/p>\n<p>Isso s\u00f3 foi poss\u00edvel em 1988 quando algumas pessoas que tocavam na antiga Banda voltaram para a terra, destacando-se o Sr. Jo\u00e3o Dias \u201cGuicho\u201d, que foi um dos principais impulsionadores iniciais, em conjunto com Ant\u00f3nio Rodrigues, Ant\u00f3nio Dias, Dr. Cust\u00f3dio Montes, Artur Guerreiro e muitos outros.<\/p>\n<p>Gra\u00e7as \u00e0 carolice, ao entusiasmo e ao bairrismo destes e mais alguns filhos da terra que n\u00e3o se pouparam a sacrif\u00edcios ou inc\u00f3modos para a valoriza\u00e7\u00e3o da sua terra, foi conseguida a reformula\u00e7\u00e3o da Banda (1988).<\/p>\n<p>Nesta altura muitos jovens da terra e de aldeias vizinhas come\u00e7aram a aprender m\u00fasica para depois poderem ingressar na banda.<\/p>\n<p>A primeira actua\u00e7\u00e3o da Banda depois de ressuscitada aconteceu no dia 25 de Abril de 1990, numa actua\u00e7\u00e3o memor\u00e1vel em que uma multid\u00e3o aplaudiu e acompanhou a banda a tocar pelas ruas de Montalegre.<\/p>\n<p>Desde 1988 (quando a banda foi reformulada) at\u00e9 hoje a banda j\u00e1 teve 11 maestros:<\/p>\n<p>&#8211; Jo\u00e3o Dias \u201cGuicho\u201d<\/p>\n<p>&#8211; Domingos Magalh\u00e3es<\/p>\n<p>&#8211; Eug\u00e9nio Guedes<\/p>\n<p>&#8211; Ant\u00f3nio \u201cPrecioso\u201d<\/p>\n<p>&#8211; Am\u00edlcar Cunha<\/p>\n<p>&#8211; Jacinto Maria<\/p>\n<p>&#8211; Ant\u00f3nio Coelho<\/p>\n<p>&#8211; Fernando Moreira<\/p>\n<p>&#8211; &nbsp;Justino Costa<\/p>\n<p>&#8211; &nbsp;Manuel Monteiro<\/p>\n<p>&#8211; &nbsp;Nuno Cachetas Pinto (Atual)<\/p>\n<p>Desde essa altura, a Banda contou tamb\u00e9m com v\u00e1rias direc\u00e7\u00f5es que tudo fizeram para a dinamiza\u00e7\u00e3o e progresso da Banda e v\u00e1rios mecenas que em muito ajudaram, contribuindo com o seu esfor\u00e7o e os seus donativos. De entre estes destaca-se o Dr. Padre Manuel Alves, que al\u00e9m de doar v\u00e1rios instrumentos, ofereceu \u00e0 associa\u00e7\u00e3o o terreno para a constru\u00e7\u00e3o da sua nova e moderna sede.<\/p>\n<p>Actualmente a banda \u00e9 constitu\u00edda por muitos jovens e tem na escola de m\u00fasica o seu principal viveiro de artistas.<\/p>\n<p>Esta \u00e9 uma banda que participa regularmente em muitas e das mais famosas romarias, sendo presen\u00e7a ass\u00eddua no S\u00e3o Jo\u00e3o de Braga, S\u00e3o Bento da Porta Aberta, Sra. da Sa\u00fade de Valpa\u00e7os, Festas da Vila do Ger\u00eas, Sr. da Piedade em Montalegre, S\u00e3o Bartolomeu em Ponte da Barca, S\u00e3o Miguel em Cabeceiras de Basto, Mon\u00e7\u00e3o, Melga\u00e7o e muitas outras festividades nos concelhos de Montalegre, Boticas, Porto, Maia, Braga, Vila Verde, Vieira do Minho, Amares, Chaves, Viana do Castelo, Fafe, Vila Real e na vizinha Galiza.<\/p>\n<p>J\u00e1 fez concertos com muito sucesso em v\u00e1rias salas do Norte do Pa\u00eds, entre as quais o audit\u00f3rio do Lar do Com\u00e9rcio na Maia, caves \u201cSandeman\u201d em Vila Nova de Gaia, no audit\u00f3rio de Aveleda em Braga, v\u00e1rias actua\u00e7\u00f5es no Audit\u00f3rio Municipal de Montalegre, entre outros.<\/p>\n<p>Em 2014 participou no 1.\u00ba Concurso Internacional de Bandas \u201cFilarmonia D\u2019Ouro\u201d no Europarque, &nbsp;obtendo o 5.\u00ba lugar na 2.\u00aa Sec\u00e7\u00e3o, tendo participado nesse mesmo concurso em 2016, na 2.\u00aa sec\u00e7\u00e3o obtendo pontua\u00e7\u00e3o de 3.\u00ba pr\u00e9mio. Participou tamb\u00e9m em 2017 no Concurso de Bandas Filarm\u00f3nicas de Braga.<\/p>\n<p>Gravou j\u00e1 tr\u00eas CDs, em 2000, 2006 e 2017.<\/p>\n<p>\u00c9 presen\u00e7a ass\u00eddua nas recep\u00e7\u00f5es a entidades oficiais em Montalegre (tocou em v\u00e1rias recep\u00e7\u00f5es e guardas de honra a presidentes da rep\u00fablica, 1\u00bas ministros, ministros, secret\u00e1rios de estado, entre outras autoridades civis, militares e religiosas) sendo uma \u201cbandeira\u201d do concelho, sempre presente nas conhecidas Feiras do Fumeiro, Feiras da Vitela, e tamb\u00e9m em iniciativas pr\u00f3prias, como concertos de Natal, festivais de bandas, concertos tem\u00e1ticos, entre outros.<\/p>\n<p>Realizou, em conjunto com o Grupo Coral de Montalegre, concertos in\u00e9ditos onde a m\u00fasica coral e instrumental se fundiram para proporcionar um espet\u00e1culo diferente e de muito agrado. J\u00e1 acompanhou e integrou diversos instrumentos solistas n\u00e3o muito comuns numa banda, como o acorde\u00e3o e a concertina e a guitarra el\u00e9trica. Acompanhou cantores a solo, nomeadamente a virtuosa soprano S\u00edlvia Sequeira no concerto de Ano Novo 2020.<\/p>\n<p>Fez em 2018 um concerto in\u00e9dito em Montalegre denominado \u201cSinfonia Pop\u201d onde juntou a banda com 3 cantores e um grupo rock, num espet\u00e1culo de m\u00fasica, som e luz que ficou na mem\u00f3ria do p\u00fablico presente.<\/p>\n<p>Em agosto de 2022 realizou um concerto memor\u00e1vel em Montalegre em conjunto com os \u201cQuinta do Bill\u201d, em formato sinf\u00f3nico, que atraiu uma multid\u00e3o \u00e0 pra\u00e7a do munic\u00edpio, que delirou com a combina\u00e7\u00e3o da banda em conjunto com o folk e rock dos Quinta do Bill.<\/p>\n<p>Participou na organiza\u00e7\u00e3o de est\u00e1gios e masterclasses para instrumentos de sopros, cordas e percuss\u00e3o das quais destacamos o Workshop de Ver\u00e3o 2009 a 2014 em Montalegre da Orquestra Metropolitana de Lisboa, nos quais estiveram integrados sempre 10 a 12 m\u00fasicos da banda e tamb\u00e9m o est\u00e1gio e concerto da Banda F\u00f3rum \u2013 Filarm\u00f3nica Portuguesa em Montalegre em Novembro de 2008 no qual estiveram integrados 10 m\u00fasicos da banda.<\/p>\n<p>Organizou na sua sede, em 2016, o 1.\u00ba Workshop de Jazz, contando com a colabora\u00e7\u00e3o da Escola de Jazz de Braga e com professores de n\u00edvel internacional como Xos\u00e9 Miguel\u00e9z e Richard Okkerse.<\/p>\n<p>Organizou, na sua sede, v\u00e1rias edi\u00e7\u00f5es da \u201cOficina de Improvisa\u00e7\u00e3o Sinf\u00f3nica\u201d em conjunto com Henrique Apolin\u00e1rio, respons\u00e1vel pelos servi\u00e7os educativos da Orquestra de Jazz de Matosinhos e colaborador dos servi\u00e7os educativos da Casa da M\u00fasica.<\/p>\n<p>No conhecido livro de Bento da Cruz \u201cHist\u00f3rias de Lana Caprina\u201d existe um cap\u00edtulo intitulado \u201cOs de Parafita\u201d, cuja narrativa \u00e9 inteiramente dedicada \u00e0s Banda e \u00e0s perip\u00e9cias que os m\u00fasicos passavam nas romarias doutros tempos\u2026<\/p>\n<p>Destaca-se tamb\u00e9m a participa\u00e7\u00e3o no filme \u201cPara Que Este Mundo N\u00e3o Acabe\u201d do famoso realizador Jo\u00e3o Botelho, a participa\u00e7\u00e3o na grava\u00e7\u00e3o dos virais spots publicit\u00e1rios para a Optimus, da campanha \u201cAldeia Global\u201d, a reportagem da RTP1 sobre um ensaio da Banda, a participa\u00e7\u00e3o em directo no programa \u201cPasseio P\u00fablico\u201d da RDP &#8211; Antena 1, artigo de uma p\u00e1gina inteira dedicado a esta Banda no Jornal de Not\u00edcias de 7 de Novembro de 2004, e v\u00e1rias apari\u00e7\u00f5es de destaque nos jornais \u201cO Montalegrense\u201d, \u201cCorreio do Planalto\u201d, \u201cPovo de Barroso\u201d, \u201cA Voz de Chaves\u201d, \u201cSeman\u00e1rio Transmontano\u201d, \u201cNot\u00edcias de Chaves\u201d, \u201cCorreio do Minho\u201d, \u201cJornal de Santo Tirso\u201d, \u201cJornal Maia Hoje\u201d tamb\u00e9m nas r\u00e1dios RM &#8211; R\u00e1dio Montalegre, Antena 1, R\u00e1dio Clube de Pa\u00e7os de Ferreira, R\u00e1dio Voz de Santo Tirso, Antena Minho, R\u00e1dio Galega, e nos sites www.bandasfilarmonicas.com (Site dedicado \u00e0 comunidade de bandas filarm\u00f3nicas de Portugal), www.tvbarroso.com (TV Barroso \u2013 Televis\u00e3o Online), www.altotamegatv.com (Alto T\u00e2mega TV \u2013 Televis\u00e3o Online), Sinal TV, e www.cm-montalegre.pt (Munic\u00edpio de Montalegre), entre muitos outros.<\/p>\n<p>Durante a pandemia Covid-19 realizou estreia de obras online, com uma qualidade surpreendente, mesmo com os m\u00fasicos confinados, fazendo grava\u00e7\u00e3o individual cada um em sua casa e mistura final em p\u00f3s-produ\u00e7\u00e3o. Tamb\u00e9m durante esta fase foi pioneira na organiza\u00e7\u00e3o da escola de m\u00fasica online via videoconfer\u00eancia e plataformas digitais colaborativas.<\/p>\n<p>A escola de m\u00fasica \u00e9 dirigida pelo maestro Nuno Cachetas, e conta com mais 6 professores diplomados, que colaboram com ele na forma\u00e7\u00e3o de novos m\u00fasicos, substituindo-se ao estado neste territ\u00f3rio, promovendo o ensino de qualidade da m\u00fasica, num concelho onde n\u00e3o h\u00e1 nenhum conservat\u00f3rio nem ensino art\u00edstico oficial publico ou privado.<\/p>\n","protected":false},"excerpt":{"rendered":"<p>N\u00e3o se sabe ao certo da data de funda\u00e7\u00e3o da Banda mas ela andar\u00e1 por volta do ano de 1800. Dados mais recentes revelam-nos que por volta do ano de<\/p>\n<p class=\"more-link\"><a href=\"https:\/\/www.bandaparafita.net\/cms\/acerca-da-banda\/um-pouco-de-historia\/\" class=\"readmore\">Ler mais&#8230;<span class=\"screen-reader-text\">Um pouco de hist\u00f3ria<\/span><\/a><\/p>\n","protected":false},"author":4,"featured_media":0,"parent":6,"menu_order":1,"comment_status":"closed","ping_status":"open","template":"","meta":{"ngg_post_thumbnail":0,"footnotes":""},"class_list":["post-98","page","type-page","status-publish","hentry"],"_links":{"self":[{"href":"https:\/\/www.bandaparafita.net\/cms\/wp-json\/wp\/v2\/pages\/98","targetHints":{"allow":["GET"]}}],"collection":[{"href":"https:\/\/www.bandaparafita.net\/cms\/wp-json\/wp\/v2\/pages"}],"about":[{"href":"https:\/\/www.bandaparafita.net\/cms\/wp-json\/wp\/v2\/types\/page"}],"author":[{"embeddable":true,"href":"https:\/\/www.bandaparafita.net\/cms\/wp-json\/wp\/v2\/users\/4"}],"replies":[{"embeddable":true,"href":"https:\/\/www.bandaparafita.net\/cms\/wp-json\/wp\/v2\/comments?post=98"}],"version-history":[{"count":13,"href":"https:\/\/www.bandaparafita.net\/cms\/wp-json\/wp\/v2\/pages\/98\/revisions"}],"predecessor-version":[{"id":1572,"href":"https:\/\/www.bandaparafita.net\/cms\/wp-json\/wp\/v2\/pages\/98\/revisions\/1572"}],"up":[{"embeddable":true,"href":"https:\/\/www.bandaparafita.net\/cms\/wp-json\/wp\/v2\/pages\/6"}],"wp:attachment":[{"href":"https:\/\/www.bandaparafita.net\/cms\/wp-json\/wp\/v2\/media?parent=98"}],"curies":[{"name":"wp","href":"https:\/\/api.w.org\/{rel}","templated":true}]}}