{"id":933,"date":"2015-10-01T11:40:41","date_gmt":"2015-10-01T10:40:41","guid":{"rendered":"http:\/\/www.bandaparafita.net\/cms\/?page_id=933"},"modified":"2022-07-27T11:39:42","modified_gmt":"2022-07-27T10:39:42","slug":"direccao-artistica","status":"publish","type":"page","link":"https:\/\/www.bandaparafita.net\/cms\/acerca-da-banda\/direccao-artistica\/","title":{"rendered":"Direc\u00e7\u00e3o Art\u00edstica"},"content":{"rendered":"\n<p><a href=\"https:\/\/www.bandaparafita.net\/cms\/wp-content\/uploads\/2022\/02\/Nuno-Cachetas-Pinto.jpg\"><img loading=\"lazy\" decoding=\"async\" class=\" wp-image-1535 alignleft\" src=\"https:\/\/www.bandaparafita.net\/cms\/wp-content\/uploads\/2022\/02\/Nuno-Cachetas-Pinto.jpg\" alt=\"\" width=\"398\" height=\"321\" srcset=\"https:\/\/www.bandaparafita.net\/cms\/wp-content\/uploads\/2022\/02\/Nuno-Cachetas-Pinto.jpg 1020w, https:\/\/www.bandaparafita.net\/cms\/wp-content\/uploads\/2022\/02\/Nuno-Cachetas-Pinto-300x242.jpg 300w, https:\/\/www.bandaparafita.net\/cms\/wp-content\/uploads\/2022\/02\/Nuno-Cachetas-Pinto-768x620.jpg 768w\" sizes=\"auto, (max-width: 398px) 100vw, 398px\" \/><\/a>Nuno Cachetas Pinto nasceu em 1991 no distrito de Braga, Portugal. Com apenas 8 anos iniciou os estudos musicais com o seu irm\u00e3o, tendo posteriormente ingressado no Conservat\u00f3rio de M\u00fasica Calouste Gulbenkian de Braga na classe de clarinete do professor Filipe Silva e depois na Universidade de Aveiro na classe do professor Lu\u00eds Carvalho, onde terminou com a classifica\u00e7\u00e3o de 19 valores no exame final de clarinete. Concluiu, em Junho de 2014, o Mestrado em Ensino de M\u00fasica na Universidade de Aveiro com m\u00e9dia final de 17 valores, sendo profissionalizado nas disciplinas de Clarinete e Classe de Conjunto (orquestra de sopros).<\/p>\n<p>Frequentou cursos de aperfei\u00e7oamento de Clarinete com os professores: Justo Sanz; Etienne Lamaison; Marrie Barriere; Lu\u00eds Gomes; Ast\u00e9rio Leiva; Juan Ferrer; Valdemar Rodriguez; Ant\u00f3nio Saiote; Victor Pereira; Jo\u00e3o Santos; Lu\u00eds Carvalho; Vicente Alberola; Lu\u00eds Silva; Carlos Alves; Iva Barbosa; Alberto Bastos; Michel Arrignon; entre outros.<\/p>\n<p>Colaborou com as seguintes orquestras: IV Est\u00e1gio\/ Forma\u00e7\u00e3o da Orquestra Federa\u00e7\u00e3o Transmontano-Duriense de Bandas Filarm\u00f3nicas (FTDBF); Orquestra de Sopros e Sinf\u00f3nica do Conservat\u00f3rio de M\u00fasica Calouste Gulbenkian de Braga; Orquestra de Sopros e Sinf\u00f3nica da Universidade de Aveiro; Orquestra de C\u00e2mara de Braga; Orquestra Sinfonieta de Braga e Orquestra Filarmonia das Beiras.<\/p>\n<p>Participa regularmente em v\u00e1rios projetos de M\u00fasica de C\u00e2mara como por exemplo o \u201cQuarteto de Clarinetes de Aveiro\u201d e o \u201cOcteto de Sopros <em>HERMITOS\u201d, <\/em>com o qual realizou a grava\u00e7\u00e3o de um CD.<\/p>\n<p>Em 2007 alcan\u00e7ou o 1\u00ba Pr\u00e9mio da categoria A no \u201cIII Concurso Geral de Instrumentos Solistas\u201d, realizado na Academia de M\u00fasica de Vila Verde; em 2008 e 2009 foi selecionado para 1\u00ba clarinete nos VII e VIII Est\u00e1gios da Orquestra de Jovens dos Conservat\u00f3rios Oficiais de M\u00fasica \u2013 Oj.com e em 2012 foi selecionado para refor\u00e7o principal da Orquestra Filarmonia das Beiras.<\/p>\n<p>Em 2014 tocou a solo com a orquestra de cordas da Universidade de Aveiro o \u201cConcerto para Clarinete\u201d de Henry Tomasi.<\/p>\n<p>Em 2015 ingressou na Banda Sinf\u00f3nica do Ex\u00e9rcito \u2013 Destacamento do Porto, na qualidade de m\u00fasico &#8211; clarinetista e em 2016 concorreu e aprovou-se para 45\u00ba Curso de Forma\u00e7\u00e3o de Sargentos do Quadro Permanente, concluindo-o como 1\u00ba classificado na especialidade de M\u00fasica e 2\u00ba classificado a n\u00edvel Nacional. Recebeu ainda o pr\u00e9mio <em>D. Afonso Henriques, Patrono do Ex\u00e9rcito<\/em>, atribu\u00eddo ao aluno do Curso de Sargentos com melhor m\u00e9dia a M\u00e9rito Pessoal. Durante o Curso de Forma\u00e7\u00e3o de Sargentos frequentou tamb\u00e9m o \u201c4\u00ba Curso de Forma\u00e7\u00e3o Pedag\u00f3gica de Formadores\u201d, tendo obtido a classifica\u00e7\u00e3o final de 18 valores.<\/p>\n<p>Em 2016 apresentou-se a solo com a Banda Sinf\u00f3nica do Ex\u00e9rcito \u2013 Destacamento do Porto, na Sala Suggia da Casa da M\u00fasica, onde interpretou a solo \u201cBlack Dog\u201d de Scott McAllister. Repetiu a mesma obra com a Banda Sinf\u00f3nica do Ex\u00e9rcito em 2018, no Teatro da Trindade, com transmiss\u00e3o em direto para a Antena2. No mesmo ano e tamb\u00e9m com a Banda Sinf\u00f3nica do Ex\u00e9rcito, tocou o \u201cConcertino para Clarinete\u201d de Ante Grgin, no audit\u00f3rio do Centro Cultural Olga Cadaval, em Sintra.<\/p>\n<p>Durante o seu percurso musical teve oportunidade de trabalhar com diversos maestros, tais como: Nicholas Kok; Rui Massena; Paulo Louren\u00e7o; F\u00e9lix Hauswirth; Lu\u00eds Carvalho; Peter Bergamin; Ant\u00f3nio Baptista; Ernst Schelle; Ant\u00f3nio Vassalo Louren\u00e7o; Paul Phillips; Germ\u00e1n C\u00e1ceres; Jan Cober; Jos\u00e9 Villaplana; entre outros.<\/p>\n<p>Orientou o naipe dos Clarinetes no \u201cI Est\u00e1gio de Orquestra de sopros da Academia de M\u00fasica Em Di\u00e1logo\u201d e no \u201cEncontro Nacional de Jovens M\u00fasicos\u201d em Vieira do Minho. Orientou igualmente o naipe das Madeiras no \u201cI Est\u00e1gio de Sopros da Escola de M\u00fasica da Banda de Arouca\u201d.<\/p>\n<p>Lecionou as disciplinas de clarinete, m\u00fasica de c\u00e2mara e orquestra de sopros nas seguintes institui\u00e7\u00f5es: Escola de M\u00fasica de Le\u00e7a da Palmeira; Academia de M\u00fasica de Vila Verde; Conservat\u00f3rio de M\u00fasica e Artes do D\u00e3o; Conservat\u00f3rio Artes e Comunica\u00e7\u00e3o de Oliveira do Bairro; AECA \u2013 Associa\u00e7\u00e3o Educa\u00e7\u00e3o Cultura e Artes de Amares e Em Di\u00e1logo \u2013 Associa\u00e7\u00e3o para o desenvolvimento social da P\u00f3voa de Lanhoso.<\/p>\n<p>Entre 2009 e 2014 foi o diretor pedag\u00f3gico da Escola de M\u00fasica da Banda dos Bombeiros Volunt\u00e1rios da P\u00f3voa de Lanhoso, sendo tamb\u00e9m o maestro da Banda Juvenil.<\/p>\n<p>Entre 2014 e 2016 dirigiu a Orquestra de Sopros de Le\u00e7a da Palmeira.<\/p>\n<p>Em 2018 frequentou o \u201c2\u00ba Masterclass de Dire\u00e7\u00e3o de Banda Sinf\u00f3nica\u201d com o Maestro F\u00e9lix Hauswirth.<\/p>\n<p>Em Fevereiro de 2022 assumiu os cargos de Diretor Art\u00edstico e Diretor Pedag\u00f3gico da Banda Musical de Parafita e da sua Escola de M\u00fasica.<\/p>\n<p>&nbsp;<\/p>\n","protected":false},"excerpt":{"rendered":"<p>Nuno Cachetas Pinto nasceu em 1991 no distrito de Braga, Portugal. Com apenas 8 anos iniciou os estudos musicais com o seu irm\u00e3o, tendo posteriormente ingressado no Conservat\u00f3rio de M\u00fasica<\/p>\n<p class=\"more-link\"><a href=\"https:\/\/www.bandaparafita.net\/cms\/acerca-da-banda\/direccao-artistica\/\" class=\"readmore\">Ler mais&#8230;<span class=\"screen-reader-text\">Direc\u00e7\u00e3o Art\u00edstica<\/span><\/a><\/p>\n","protected":false},"author":4,"featured_media":0,"parent":6,"menu_order":1,"comment_status":"closed","ping_status":"closed","template":"","meta":{"ngg_post_thumbnail":0,"footnotes":""},"class_list":["post-933","page","type-page","status-publish","hentry"],"_links":{"self":[{"href":"https:\/\/www.bandaparafita.net\/cms\/wp-json\/wp\/v2\/pages\/933","targetHints":{"allow":["GET"]}}],"collection":[{"href":"https:\/\/www.bandaparafita.net\/cms\/wp-json\/wp\/v2\/pages"}],"about":[{"href":"https:\/\/www.bandaparafita.net\/cms\/wp-json\/wp\/v2\/types\/page"}],"author":[{"embeddable":true,"href":"https:\/\/www.bandaparafita.net\/cms\/wp-json\/wp\/v2\/users\/4"}],"replies":[{"embeddable":true,"href":"https:\/\/www.bandaparafita.net\/cms\/wp-json\/wp\/v2\/comments?post=933"}],"version-history":[{"count":16,"href":"https:\/\/www.bandaparafita.net\/cms\/wp-json\/wp\/v2\/pages\/933\/revisions"}],"predecessor-version":[{"id":1557,"href":"https:\/\/www.bandaparafita.net\/cms\/wp-json\/wp\/v2\/pages\/933\/revisions\/1557"}],"up":[{"embeddable":true,"href":"https:\/\/www.bandaparafita.net\/cms\/wp-json\/wp\/v2\/pages\/6"}],"wp:attachment":[{"href":"https:\/\/www.bandaparafita.net\/cms\/wp-json\/wp\/v2\/media?parent=933"}],"curies":[{"name":"wp","href":"https:\/\/api.w.org\/{rel}","templated":true}]}}