{"id":84,"date":"2010-04-23T21:32:32","date_gmt":"2010-04-23T21:32:32","guid":{"rendered":"http:\/\/www.bandaparafita.net\/cms\/?page_id=84"},"modified":"2020-05-13T20:36:47","modified_gmt":"2020-05-13T19:36:47","slug":"elementos","status":"publish","type":"page","link":"https:\/\/www.bandaparafita.net\/cms\/acerca-da-banda\/elementos\/","title":{"rendered":"Elenco"},"content":{"rendered":"<h4>Elementos da Banda Musical de Parafita<\/h4>\n<p>&nbsp;<\/p>\n<table style=\"border-style: solid; width: 100.082%; border-color: #000000; height: 1706px;\" width=\"359\" border=\"1\">\n<tbody>\n<tr style=\"height: 46px;\">\n<td style=\"height: 187px;\" rowspan=\"4\" width=\"93\"><strong>Flautim<\/strong>&nbsp;&nbsp;<\/p>\n<p><strong>Flauta<\/strong><\/td>\n<td style=\"height: 46px;\" width=\"266\">Eduarda Santos<\/td>\n<\/tr>\n<tr style=\"height: 47px;\">\n<td style=\"height: 47px;\" width=\"266\">Diogo Moura<\/td>\n<\/tr>\n<tr style=\"height: 47px;\">\n<td style=\"height: 47px;\" width=\"266\">Maria Videira<\/td>\n<\/tr>\n<tr style=\"height: 47px;\">\n<td style=\"height: 47px;\" width=\"266\">Leonor Monteiro<\/td>\n<\/tr>\n<tr style=\"height: 31px;\">\n<td style=\"height: 31px;\" width=\"93\"><strong>Obo\u00e9<\/strong><\/td>\n<td style=\"height: 31px;\" width=\"266\">Ricardo Magalh\u00e3es<\/td>\n<\/tr>\n<tr style=\"height: 31px;\">\n<td style=\"height: 372px;\" rowspan=\"12\" width=\"93\"><strong>Clarinete<\/strong><\/td>\n<td style=\"height: 31px;\" width=\"266\">F\u00e1tima Pires<\/td>\n<\/tr>\n<tr style=\"height: 31px;\">\n<td style=\"height: 31px;\" width=\"266\">Joana Moura<\/td>\n<\/tr>\n<tr style=\"height: 31px;\">\n<td style=\"height: 31px;\" width=\"266\">In\u00eas Almeida<\/td>\n<\/tr>\n<tr style=\"height: 31px;\">\n<td style=\"height: 31px;\" width=\"266\">Od\u00edlia Dias<\/td>\n<\/tr>\n<tr style=\"height: 31px;\">\n<td style=\"height: 31px;\" width=\"266\">Anabela Gon\u00e7alves<\/td>\n<\/tr>\n<tr style=\"height: 31px;\">\n<td style=\"height: 31px;\" width=\"266\">C\u00e1tia Pires<\/td>\n<\/tr>\n<tr style=\"height: 31px;\">\n<td style=\"height: 31px;\" width=\"266\">Susana Castro<\/td>\n<\/tr>\n<tr style=\"height: 31px;\">\n<td style=\"height: 31px;\" width=\"266\">Lu\u00eds Mateus Cascais<\/td>\n<\/tr>\n<tr style=\"height: 31px;\">\n<td style=\"height: 31px;\" width=\"266\">N\u00e1dia Alves<\/td>\n<\/tr>\n<tr style=\"height: 31px;\">\n<td style=\"height: 31px;\" width=\"266\">Margarida Tabosa<\/td>\n<\/tr>\n<tr style=\"height: 31px;\">\n<td style=\"height: 31px;\" width=\"266\">Beatriz Santos<\/td>\n<\/tr>\n<tr style=\"height: 31px;\">\n<td style=\"height: 31px;\" width=\"266\">Sara Neto Tiago<\/td>\n<\/tr>\n<tr style=\"height: 31px;\">\n<td style=\"height: 124px;\" rowspan=\"4\" width=\"93\"><strong>Sax Alto<\/strong><\/td>\n<td style=\"height: 31px;\" width=\"266\">Jos\u00e9 Pires<\/td>\n<\/tr>\n<tr style=\"height: 31px;\">\n<td style=\"height: 31px;\" width=\"266\">Jos\u00e9 Alves<\/td>\n<\/tr>\n<tr style=\"height: 31px;\">\n<td style=\"height: 31px;\" width=\"266\">Cassandra Pires<\/td>\n<\/tr>\n<tr style=\"height: 31px;\">\n<td style=\"height: 31px;\" width=\"266\">Mafalda Barroso<\/td>\n<\/tr>\n<tr style=\"height: 31px;\">\n<td style=\"height: 62px;\" rowspan=\"2\" width=\"93\"><strong>Sax Tenor<\/strong><\/td>\n<td style=\"height: 31px;\" width=\"266\">Ant\u00f3nio Magalh\u00e3es<\/td>\n<\/tr>\n<tr style=\"height: 31px;\">\n<td style=\"height: 31px;\" width=\"266\">Fernanda Dias<\/td>\n<\/tr>\n<tr style=\"height: 31px;\">\n<td style=\"height: 248px;\" rowspan=\"8\" width=\"93\"><strong>Trompete<\/strong><\/td>\n<td style=\"height: 31px;\" width=\"266\">N\u00e1dia Monteiro<\/td>\n<\/tr>\n<tr style=\"height: 31px;\">\n<td style=\"height: 31px;\" width=\"266\">Jos\u00e9 Moreira<\/td>\n<\/tr>\n<tr style=\"height: 31px;\">\n<td style=\"height: 31px;\" width=\"266\">Clara Alves<\/td>\n<\/tr>\n<tr style=\"height: 31px;\">\n<td style=\"height: 31px;\" width=\"266\">Eva Pires<\/td>\n<\/tr>\n<tr style=\"height: 31px;\">\n<td style=\"height: 31px;\" width=\"266\">Jo\u00e3o Mendes<\/td>\n<\/tr>\n<tr style=\"height: 31px;\">\n<td style=\"height: 31px;\" width=\"266\">Ellem Kethleem<\/td>\n<\/tr>\n<tr style=\"height: 31px;\">\n<td style=\"height: 31px;\" width=\"266\">Matias Francisco<\/td>\n<\/tr>\n<tr style=\"height: 31px;\">\n<td style=\"height: 31px;\" width=\"266\">Rafaella Silva Rodrigues<\/td>\n<\/tr>\n<tr style=\"height: 31px;\">\n<td style=\"height: 124px;\" rowspan=\"4\" width=\"93\"><strong>Trompa<\/strong><\/td>\n<td style=\"height: 31px;\" width=\"266\">Hugo Freitas<\/td>\n<\/tr>\n<tr style=\"height: 31px;\">\n<td style=\"height: 31px;\" width=\"266\">Catalina Martins<\/td>\n<\/tr>\n<tr style=\"height: 31px;\">\n<td style=\"height: 31px;\" width=\"266\">Carolina Valdegas<\/td>\n<\/tr>\n<tr style=\"height: 31px;\">\n<td style=\"height: 31px;\" width=\"266\">B\u00e1rbara Machado<\/td>\n<\/tr>\n<tr style=\"height: 31px;\">\n<td style=\"height: 155px;\" rowspan=\"5\" width=\"93\"><strong>Trombone<\/strong><\/td>\n<td style=\"height: 31px;\" width=\"266\">Jos\u00e9 Pedro Magalh\u00e3es<\/td>\n<\/tr>\n<tr style=\"height: 31px;\">\n<td style=\"height: 31px;\" width=\"266\">Rui Pires<\/td>\n<\/tr>\n<tr style=\"height: 31px;\">\n<td style=\"height: 31px;\" width=\"266\">Carlos Silva<\/td>\n<\/tr>\n<tr style=\"height: 31px;\">\n<td style=\"height: 31px;\" width=\"266\">R\u00faben Faria<\/td>\n<\/tr>\n<tr style=\"height: 31px;\">\n<td style=\"height: 31px;\" width=\"266\">Wrainer Samuel<\/td>\n<\/tr>\n<tr style=\"height: 31px;\">\n<td style=\"height: 62px;\" rowspan=\"2\" width=\"93\"><strong>Bombardino<\/strong><\/td>\n<td style=\"height: 31px;\" width=\"266\">Camilo Valadares<\/td>\n<\/tr>\n<tr style=\"height: 31px;\">\n<td style=\"height: 31px;\" width=\"266\">Pedro Barroso<\/td>\n<\/tr>\n<tr style=\"height: 31px;\">\n<td style=\"height: 124px;\" rowspan=\"4\" width=\"93\"><strong>Tuba<\/strong><\/td>\n<td style=\"height: 31px;\" width=\"266\">Alfredo Carvalho<\/td>\n<\/tr>\n<tr style=\"height: 31px;\">\n<td style=\"height: 31px;\" width=\"266\">Patrick Antoine<\/td>\n<\/tr>\n<tr style=\"height: 31px;\">\n<td style=\"height: 31px;\" width=\"266\">Marco Faria<\/td>\n<\/tr>\n<tr style=\"height: 31px;\">\n<td style=\"height: 31px;\" width=\"266\">Diogo Paiva<\/td>\n<\/tr>\n<tr style=\"height: 31px;\">\n<td style=\"height: 217px;\" rowspan=\"7\" width=\"93\"><strong>Percuss\u00e3o<\/strong><\/td>\n<td style=\"height: 31px;\" width=\"266\">Jos\u00e9 Pedro Moura<\/td>\n<\/tr>\n<tr style=\"height: 31px;\">\n<td style=\"height: 31px;\" width=\"266\">Pedro Barroso<\/td>\n<\/tr>\n<tr style=\"height: 31px;\">\n<td style=\"height: 31px;\" width=\"266\">In\u00eas Gon\u00e7alves<\/td>\n<\/tr>\n<tr style=\"height: 31px;\">\n<td style=\"height: 31px;\" width=\"266\">Jos\u00e9 Barroso<\/td>\n<\/tr>\n<tr style=\"height: 31px;\">\n<td style=\"height: 31px;\" width=\"266\">Jos\u00e9 Aguiar<\/td>\n<\/tr>\n<tr style=\"height: 31px;\">\n<td style=\"height: 31px;\" width=\"266\">Jo\u00e3o Craveiro<\/td>\n<\/tr>\n<tr style=\"height: 31px;\">\n<td style=\"height: 31px;\" width=\"266\">Jos\u00e9 Miguel Moura<\/td>\n<\/tr>\n<\/tbody>\n<\/table>\n","protected":false},"excerpt":{"rendered":"<p>Elementos da Banda Musical de Parafita &nbsp; Flautim&nbsp;&nbsp; Flauta Eduarda Santos Diogo Moura Maria Videira Leonor Monteiro Obo\u00e9 Ricardo Magalh\u00e3es Clarinete F\u00e1tima Pires Joana Moura In\u00eas Almeida Od\u00edlia Dias Anabela<\/p>\n<p class=\"more-link\"><a href=\"https:\/\/www.bandaparafita.net\/cms\/acerca-da-banda\/elementos\/\" class=\"readmore\">Ler mais&#8230;<span class=\"screen-reader-text\">Elenco<\/span><\/a><\/p>\n","protected":false},"author":4,"featured_media":0,"parent":6,"menu_order":2,"comment_status":"closed","ping_status":"open","template":"","meta":{"ngg_post_thumbnail":0,"footnotes":""},"class_list":["post-84","page","type-page","status-publish","hentry"],"_links":{"self":[{"href":"https:\/\/www.bandaparafita.net\/cms\/wp-json\/wp\/v2\/pages\/84","targetHints":{"allow":["GET"]}}],"collection":[{"href":"https:\/\/www.bandaparafita.net\/cms\/wp-json\/wp\/v2\/pages"}],"about":[{"href":"https:\/\/www.bandaparafita.net\/cms\/wp-json\/wp\/v2\/types\/page"}],"author":[{"embeddable":true,"href":"https:\/\/www.bandaparafita.net\/cms\/wp-json\/wp\/v2\/users\/4"}],"replies":[{"embeddable":true,"href":"https:\/\/www.bandaparafita.net\/cms\/wp-json\/wp\/v2\/comments?post=84"}],"version-history":[{"count":32,"href":"https:\/\/www.bandaparafita.net\/cms\/wp-json\/wp\/v2\/pages\/84\/revisions"}],"predecessor-version":[{"id":1401,"href":"https:\/\/www.bandaparafita.net\/cms\/wp-json\/wp\/v2\/pages\/84\/revisions\/1401"}],"up":[{"embeddable":true,"href":"https:\/\/www.bandaparafita.net\/cms\/wp-json\/wp\/v2\/pages\/6"}],"wp:attachment":[{"href":"https:\/\/www.bandaparafita.net\/cms\/wp-json\/wp\/v2\/media?parent=84"}],"curies":[{"name":"wp","href":"https:\/\/api.w.org\/{rel}","templated":true}]}}