{"id":461,"date":"2013-06-03T12:26:21","date_gmt":"2013-06-03T11:26:21","guid":{"rendered":"http:\/\/www.bandaparafita.net\/cms\/?page_id=461"},"modified":"2020-06-01T23:04:12","modified_gmt":"2020-06-01T22:04:12","slug":"professores","status":"publish","type":"page","link":"https:\/\/www.bandaparafita.net\/cms\/escola-de-musica\/professores\/","title":{"rendered":"Professores"},"content":{"rendered":"<p><strong>Manuel Monteiro:<\/strong> Forma\u00e7\u00e3o Musical, Tuba, Euphonium, Trompete, Orquestra<br \/>\n<strong>Hugo Freitas:<\/strong> Trompa, Forma\u00e7\u00e3o Musical<br \/>\n<strong>Laura In\u00eas Almeida:<\/strong> Clarinete<br \/>\n<strong>Leonor Monteiro:<\/strong> Flauta<br \/>\n<strong>Pedro Magalh\u00e3es:<\/strong> Trombone<br \/>\n<strong>Jos\u00e9 Alves:<\/strong> Saxofone<br \/>\n<strong>Jos\u00e9 Aguiar:<\/strong> Percuss\u00e3o<br \/>\n<strong>Leonor Monteiro:<\/strong> Flauta<\/p>\n<p>EM ACTUALIZA\u00c7\u00c3O<\/p>\n","protected":false},"excerpt":{"rendered":"<p>Manuel Monteiro: Forma\u00e7\u00e3o Musical, Tuba, Euphonium, Trompete, Orquestra Hugo Freitas: Trompa, Forma\u00e7\u00e3o Musical Laura In\u00eas Almeida: Clarinete Leonor Monteiro: Flauta Pedro Magalh\u00e3es: Trombone Jos\u00e9 Alves: Saxofone Jos\u00e9 Aguiar: Percuss\u00e3o Leonor<\/p>\n<p class=\"more-link\"><a href=\"https:\/\/www.bandaparafita.net\/cms\/escola-de-musica\/professores\/\" class=\"readmore\">Ler mais&#8230;<span class=\"screen-reader-text\">Professores<\/span><\/a><\/p>\n","protected":false},"author":3,"featured_media":0,"parent":141,"menu_order":0,"comment_status":"closed","ping_status":"open","template":"","meta":{"ngg_post_thumbnail":0,"footnotes":""},"class_list":["post-461","page","type-page","status-publish","hentry"],"_links":{"self":[{"href":"https:\/\/www.bandaparafita.net\/cms\/wp-json\/wp\/v2\/pages\/461","targetHints":{"allow":["GET"]}}],"collection":[{"href":"https:\/\/www.bandaparafita.net\/cms\/wp-json\/wp\/v2\/pages"}],"about":[{"href":"https:\/\/www.bandaparafita.net\/cms\/wp-json\/wp\/v2\/types\/page"}],"author":[{"embeddable":true,"href":"https:\/\/www.bandaparafita.net\/cms\/wp-json\/wp\/v2\/users\/3"}],"replies":[{"embeddable":true,"href":"https:\/\/www.bandaparafita.net\/cms\/wp-json\/wp\/v2\/comments?post=461"}],"version-history":[{"count":76,"href":"https:\/\/www.bandaparafita.net\/cms\/wp-json\/wp\/v2\/pages\/461\/revisions"}],"predecessor-version":[{"id":1485,"href":"https:\/\/www.bandaparafita.net\/cms\/wp-json\/wp\/v2\/pages\/461\/revisions\/1485"}],"up":[{"embeddable":true,"href":"https:\/\/www.bandaparafita.net\/cms\/wp-json\/wp\/v2\/pages\/141"}],"wp:attachment":[{"href":"https:\/\/www.bandaparafita.net\/cms\/wp-json\/wp\/v2\/media?parent=461"}],"curies":[{"name":"wp","href":"https:\/\/api.w.org\/{rel}","templated":true}]}}