{"id":218,"date":"2010-04-25T11:24:20","date_gmt":"2010-04-25T11:24:20","guid":{"rendered":"http:\/\/www.bandaparafita.net\/cms\/?page_id=218"},"modified":"2022-12-19T14:03:39","modified_gmt":"2022-12-19T13:03:39","slug":"corpos-sociais","status":"publish","type":"page","link":"https:\/\/www.bandaparafita.net\/cms\/acerca-da-banda\/corpos-sociais\/","title":{"rendered":"Corpos Sociais"},"content":{"rendered":"<p>Bi\u00e9nio 2023\/2024<\/p>\n<p><strong>Assembleia Geral <\/strong><\/p>\n<ul>\n<li>Presidente: Fernando Pires<\/li>\n<li>Vice-presidente: Jos\u00e9 Ant\u00f3nio Pires<\/li>\n<li>Secret\u00e1rio: Ant\u00f3nio Magalh\u00e3es<\/li>\n<\/ul>\n<p><strong>Dire\u00e7\u00e3o<\/strong><\/p>\n<ul>\n<li>Presidente: Jos\u00e9 Alves<\/li>\n<li>Vice-presidente: Pedro Barroso<\/li>\n<li>Tesoureira: F\u00e1tima Pires<\/li>\n<li>Secret\u00e1ria: Clara Alves<\/li>\n<li>Vogal: S\u00e9rgio Duarte<\/li>\n<li>Vogal: Jos\u00e9 Pedro Magalh\u00e3es<\/li>\n<li>Vogal: Jorge Lestra<\/li>\n<li>Vogal: Diogo Moura<\/li>\n<li>Vogal: N\u00e9lson Costa<\/li>\n<\/ul>\n<p><strong>Conselho Fiscal <\/strong><\/p>\n<ul>\n<li>Presidente: Avelino Gon\u00e7alves<\/li>\n<li>Vice-presidente: Jo\u00e3o Barroso<\/li>\n<li>Secret\u00e1rio: Jos\u00e9 Mo\u00e7o<\/li>\n<\/ul>\n","protected":false},"excerpt":{"rendered":"<p>Bi\u00e9nio 2023\/2024 Assembleia Geral Presidente: Fernando Pires Vice-presidente: Jos\u00e9 Ant\u00f3nio Pires Secret\u00e1rio: Ant\u00f3nio Magalh\u00e3es Dire\u00e7\u00e3o Presidente: Jos\u00e9 Alves Vice-presidente: Pedro Barroso Tesoureira: F\u00e1tima Pires Secret\u00e1ria: Clara Alves Vogal: S\u00e9rgio Duarte<\/p>\n<p class=\"more-link\"><a href=\"https:\/\/www.bandaparafita.net\/cms\/acerca-da-banda\/corpos-sociais\/\" class=\"readmore\">Ler mais&#8230;<span class=\"screen-reader-text\">Corpos Sociais<\/span><\/a><\/p>\n","protected":false},"author":4,"featured_media":0,"parent":6,"menu_order":0,"comment_status":"closed","ping_status":"open","template":"","meta":{"ngg_post_thumbnail":0,"footnotes":""},"class_list":["post-218","page","type-page","status-publish","hentry"],"_links":{"self":[{"href":"https:\/\/www.bandaparafita.net\/cms\/wp-json\/wp\/v2\/pages\/218","targetHints":{"allow":["GET"]}}],"collection":[{"href":"https:\/\/www.bandaparafita.net\/cms\/wp-json\/wp\/v2\/pages"}],"about":[{"href":"https:\/\/www.bandaparafita.net\/cms\/wp-json\/wp\/v2\/types\/page"}],"author":[{"embeddable":true,"href":"https:\/\/www.bandaparafita.net\/cms\/wp-json\/wp\/v2\/users\/4"}],"replies":[{"embeddable":true,"href":"https:\/\/www.bandaparafita.net\/cms\/wp-json\/wp\/v2\/comments?post=218"}],"version-history":[{"count":8,"href":"https:\/\/www.bandaparafita.net\/cms\/wp-json\/wp\/v2\/pages\/218\/revisions"}],"predecessor-version":[{"id":1567,"href":"https:\/\/www.bandaparafita.net\/cms\/wp-json\/wp\/v2\/pages\/218\/revisions\/1567"}],"up":[{"embeddable":true,"href":"https:\/\/www.bandaparafita.net\/cms\/wp-json\/wp\/v2\/pages\/6"}],"wp:attachment":[{"href":"https:\/\/www.bandaparafita.net\/cms\/wp-json\/wp\/v2\/media?parent=218"}],"curies":[{"name":"wp","href":"https:\/\/api.w.org\/{rel}","templated":true}]}}