{"id":141,"date":"2010-04-24T00:10:34","date_gmt":"2010-04-24T00:10:34","guid":{"rendered":"http:\/\/www.bandaparafita.net\/cms\/?page_id=141"},"modified":"2020-05-13T20:36:47","modified_gmt":"2020-05-13T19:36:47","slug":"escola-de-musica","status":"publish","type":"page","link":"https:\/\/www.bandaparafita.net\/cms\/escola-de-musica\/","title":{"rendered":"Escola de M\u00fasica"},"content":{"rendered":"<ul>\n<li>\n<h4><strong><a style=\"font-size: 1em; line-height: 19px;\" title=\"Apresenta\u00e7\u00e3o\" href=\"\/cms\/?page_id=443\">Apresenta\u00e7\u00e3o<\/a><\/strong><\/h4>\n<\/li>\n<\/ul>\n<ul>\n<li>\n<h4><strong><a title=\"Professores\" href=\"\/cms\/?page_id=461\">Professores<\/a><\/strong><\/h4>\n<\/li>\n<\/ul>\n<ul>\n<li>\n<h4><strong><a title=\"Fotos\" href=\"\/cms\/?page_id=464\">Fotos<\/a><\/strong><\/h4>\n<\/li>\n<\/ul>\n<ul>\n<li>\n<h4><strong><a title=\"Inscri\u00e7\u00e3o Online\" href=\"\/cms\/?page_id=484\">Inscri\u00e7\u00e3o Online<\/a><\/strong><\/h4>\n<h4><\/h4>\n<\/li>\n<\/ul>\n","protected":false},"excerpt":{"rendered":"<p>Apresenta\u00e7\u00e3o Professores Fotos Inscri\u00e7\u00e3o Online<\/p>\n","protected":false},"author":4,"featured_media":0,"parent":0,"menu_order":2,"comment_status":"closed","ping_status":"open","template":"","meta":{"ngg_post_thumbnail":0,"footnotes":""},"class_list":["post-141","page","type-page","status-publish","hentry"],"_links":{"self":[{"href":"https:\/\/www.bandaparafita.net\/cms\/wp-json\/wp\/v2\/pages\/141","targetHints":{"allow":["GET"]}}],"collection":[{"href":"https:\/\/www.bandaparafita.net\/cms\/wp-json\/wp\/v2\/pages"}],"about":[{"href":"https:\/\/www.bandaparafita.net\/cms\/wp-json\/wp\/v2\/types\/page"}],"author":[{"embeddable":true,"href":"https:\/\/www.bandaparafita.net\/cms\/wp-json\/wp\/v2\/users\/4"}],"replies":[{"embeddable":true,"href":"https:\/\/www.bandaparafita.net\/cms\/wp-json\/wp\/v2\/comments?post=141"}],"version-history":[{"count":22,"href":"https:\/\/www.bandaparafita.net\/cms\/wp-json\/wp\/v2\/pages\/141\/revisions"}],"predecessor-version":[{"id":1420,"href":"https:\/\/www.bandaparafita.net\/cms\/wp-json\/wp\/v2\/pages\/141\/revisions\/1420"}],"wp:attachment":[{"href":"https:\/\/www.bandaparafita.net\/cms\/wp-json\/wp\/v2\/media?parent=141"}],"curies":[{"name":"wp","href":"https:\/\/api.w.org\/{rel}","templated":true}]}}