{"id":139,"date":"2010-04-24T00:10:06","date_gmt":"2010-04-24T00:10:06","guid":{"rendered":"http:\/\/www.bandaparafita.net\/cms\/?page_id=139"},"modified":"2022-07-27T11:28:38","modified_gmt":"2022-07-27T10:28:38","slug":"maestros","status":"publish","type":"page","link":"https:\/\/www.bandaparafita.net\/cms\/acerca-da-banda\/maestros\/","title":{"rendered":"Antigos Maestros"},"content":{"rendered":"<ul>\n<li><strong>Jo\u00e3o Dias &#8220;Guicho&#8221; (1989-1990)<\/strong><\/li>\n<li><strong>Eug\u00e9nio Guedes&nbsp; (1990-1992)<\/strong><\/li>\n<li><strong>Ant\u00f3nio Carvalho &#8220;Precioso&#8221; (1992-1994)<\/strong><\/li>\n<li><strong>Am\u00edlcar Cunha (1994-1997)<\/strong><\/li>\n<li><strong>Jacinto Maria (1997-1998)<\/strong><\/li>\n<li><a title=\"Ant\u00f3nio Coelho\" href=\"http:\/\/www.bandaparafita.net\/cms\/antonio-coelho\"><strong>Ant\u00f3nio Coelho (1998-2013)<\/strong><\/a><\/li>\n<li><strong><a title=\"Fernando Moreira\" href=\"\/cms\/fernandomoreira\/\">Fernando Moreira (2013-2015)<\/a><\/strong><\/li>\n<li><strong><a title=\"Justino Costa\" href=\"http:\/\/www.bandaparafita.net\/cms\/justino-costa\/\">Justino Costa (2015-2019)<\/a><\/strong><\/li>\n<li><strong><a href=\"https:\/\/www.bandaparafita.net\/cms\/manuel-monteiro\/\">Manuel Monteiro (2019-2022)<\/a><\/strong><\/li>\n<li><strong>Nuno Cachetas Pinto (Actual)<\/strong><\/li>\n<\/ul>\n","protected":false},"excerpt":{"rendered":"<p>Jo\u00e3o Dias &#8220;Guicho&#8221; (1989-1990) Eug\u00e9nio Guedes&nbsp; (1990-1992) Ant\u00f3nio Carvalho &#8220;Precioso&#8221; (1992-1994) Am\u00edlcar Cunha (1994-1997) Jacinto Maria (1997-1998) Ant\u00f3nio Coelho (1998-2013) Fernando Moreira (2013-2015) Justino Costa (2015-2019) Manuel Monteiro (2019-2022) Nuno<\/p>\n<p class=\"more-link\"><a href=\"https:\/\/www.bandaparafita.net\/cms\/acerca-da-banda\/maestros\/\" class=\"readmore\">Ler mais&#8230;<span class=\"screen-reader-text\">Antigos Maestros<\/span><\/a><\/p>\n","protected":false},"author":4,"featured_media":0,"parent":6,"menu_order":5,"comment_status":"closed","ping_status":"open","template":"","meta":{"ngg_post_thumbnail":0,"footnotes":""},"class_list":["post-139","page","type-page","status-publish","hentry"],"_links":{"self":[{"href":"https:\/\/www.bandaparafita.net\/cms\/wp-json\/wp\/v2\/pages\/139","targetHints":{"allow":["GET"]}}],"collection":[{"href":"https:\/\/www.bandaparafita.net\/cms\/wp-json\/wp\/v2\/pages"}],"about":[{"href":"https:\/\/www.bandaparafita.net\/cms\/wp-json\/wp\/v2\/types\/page"}],"author":[{"embeddable":true,"href":"https:\/\/www.bandaparafita.net\/cms\/wp-json\/wp\/v2\/users\/4"}],"replies":[{"embeddable":true,"href":"https:\/\/www.bandaparafita.net\/cms\/wp-json\/wp\/v2\/comments?post=139"}],"version-history":[{"count":17,"href":"https:\/\/www.bandaparafita.net\/cms\/wp-json\/wp\/v2\/pages\/139\/revisions"}],"predecessor-version":[{"id":1550,"href":"https:\/\/www.bandaparafita.net\/cms\/wp-json\/wp\/v2\/pages\/139\/revisions\/1550"}],"up":[{"embeddable":true,"href":"https:\/\/www.bandaparafita.net\/cms\/wp-json\/wp\/v2\/pages\/6"}],"wp:attachment":[{"href":"https:\/\/www.bandaparafita.net\/cms\/wp-json\/wp\/v2\/media?parent=139"}],"curies":[{"name":"wp","href":"https:\/\/api.w.org\/{rel}","templated":true}]}}